{"id":1172,"date":"2020-07-01T12:57:30","date_gmt":"2020-07-01T10:57:30","guid":{"rendered":"https:\/\/alexiniesta.com\/test\/"},"modified":"2020-07-01T12:57:31","modified_gmt":"2020-07-01T10:57:31","slug":"test","status":"publish","type":"page","link":"https:\/\/alexiniesta.com\/ca\/test\/","title":{"rendered":"test"},"content":{"rendered":"","protected":false},"excerpt":{"rendered":"","protected":false},"author":2,"featured_media":0,"parent":0,"menu_order":0,"comment_status":"closed","ping_status":"closed","template":"","meta":{"site-sidebar-layout":"default","site-content-layout":"default","ast-site-content-layout":"default","site-content-style":"default","site-sidebar-style":"default","ast-global-header-display":"","ast-banner-title-visibility":"","ast-main-header-display":"","ast-hfb-above-header-display":"","ast-hfb-below-header-display":"","ast-hfb-mobile-header-display":"","site-post-title":"","ast-breadcrumbs-content":"","ast-featured-img":"","footer-sml-layout":"","ast-disable-related-posts":"","theme-transparent-header-meta":"","adv-header-id-meta":"","stick-header-meta":"","header-above-stick-meta":"","header-main-stick-meta":"","header-below-stick-meta":"","astra-migrate-meta-layouts":"default","ast-page-background-enabled":"default","ast-page-background-meta":{"desktop":{"background-color":"","background-image":"","background-repeat":"repeat","background-position":"center center","background-size":"auto","background-attachment":"scroll","background-type":"","background-media":"","overlay-type":"","overlay-color":"","overlay-opacity":"","overlay-gradient":""},"tablet":{"background-color":"","background-image":"","background-repeat":"repeat","background-position":"center center","background-size":"auto","background-attachment":"scroll","background-type":"","background-media":"","overlay-type":"","overlay-color":"","overlay-opacity":"","overlay-gradient":""},"mobile":{"background-color":"","background-image":"","background-repeat":"repeat","background-position":"center center","background-size":"auto","background-attachment":"scroll","background-type":"","background-media":"","overlay-type":"","overlay-color":"","overlay-opacity":"","overlay-gradient":""}},"ast-content-background-meta":{"desktop":{"background-color":"var(--ast-global-color-5)","background-image":"","background-repeat":"repeat","background-position":"center center","background-size":"auto","background-attachment":"scroll","background-type":"","background-media":"","overlay-type":"","overlay-color":"","overlay-opacity":"","overlay-gradient":""},"tablet":{"background-color":"var(--ast-global-color-5)","background-image":"","background-repeat":"repeat","background-position":"center center","background-size":"auto","background-attachment":"scroll","background-type":"","background-media":"","overlay-type":"","overlay-color":"","overlay-opacity":"","overlay-gradient":""},"mobile":{"background-color":"var(--ast-global-color-5)","background-image":"","background-repeat":"repeat","background-position":"center center","background-size":"auto","background-attachment":"scroll","background-type":"","background-media":"","overlay-type":"","overlay-color":"","overlay-opacity":"","overlay-gradient":""}},"footnotes":""},"class_list":["post-1172","page","type-page","status-publish","hentry"],"yoast_head":"<!-- This site is optimized with the Yoast SEO plugin v27.4 - https:\/\/yoast.com\/product\/yoast-seo-wordpress\/ -->\n<title>test - Alex Iniesta<\/title>\n<meta name=\"description\" content=\"Alex Iniesta. Producci\u00f3n y realizaci\u00f3n audiovisual. Bellas im\u00e1genes en movimiento. Producci\u00f3n audiovisual de video, TV y films.\" \/>\n<meta name=\"robots\" content=\"index, follow, max-snippet:-1, max-image-preview:large, max-video-preview:-1\" \/>\n<link rel=\"canonical\" href=\"https:\/\/alexiniesta.com\/ca\/test\/\" \/>\n<meta property=\"og:locale\" content=\"ca_ES\" \/>\n<meta property=\"og:type\" content=\"article\" \/>\n<meta property=\"og:title\" content=\"test - Alex Iniesta\" \/>\n<meta property=\"og:description\" content=\"Alex Iniesta. Producci\u00f3n y realizaci\u00f3n audiovisual. Bellas im\u00e1genes en movimiento. Producci\u00f3n audiovisual de video, TV y films.\" \/>\n<meta property=\"og:url\" content=\"https:\/\/alexiniesta.com\/ca\/test\/\" \/>\n<meta property=\"og:site_name\" content=\"Alex Iniesta\" \/>\n<meta property=\"article:modified_time\" content=\"2020-07-01T10:57:31+00:00\" \/>\n<meta name=\"twitter:card\" content=\"summary_large_image\" \/>\n<script type=\"application\/ld+json\" class=\"yoast-schema-graph\">{\"@context\":\"https:\\\/\\\/schema.org\",\"@graph\":[{\"@type\":\"WebPage\",\"@id\":\"https:\\\/\\\/alexiniesta.com\\\/ca\\\/test\\\/\",\"url\":\"https:\\\/\\\/alexiniesta.com\\\/ca\\\/test\\\/\",\"name\":\"test - Alex Iniesta\",\"isPartOf\":{\"@id\":\"https:\\\/\\\/alexiniesta.com\\\/#website\"},\"datePublished\":\"2020-07-01T10:57:30+00:00\",\"dateModified\":\"2020-07-01T10:57:31+00:00\",\"description\":\"Alex Iniesta. Producci\u00f3n y realizaci\u00f3n audiovisual. Bellas im\u00e1genes en movimiento. Producci\u00f3n audiovisual de video, TV y films.\",\"breadcrumb\":{\"@id\":\"https:\\\/\\\/alexiniesta.com\\\/ca\\\/test\\\/#breadcrumb\"},\"inLanguage\":\"ca\",\"potentialAction\":[{\"@type\":\"ReadAction\",\"target\":[\"https:\\\/\\\/alexiniesta.com\\\/ca\\\/test\\\/\"]}]},{\"@type\":\"BreadcrumbList\",\"@id\":\"https:\\\/\\\/alexiniesta.com\\\/ca\\\/test\\\/#breadcrumb\",\"itemListElement\":[{\"@type\":\"ListItem\",\"position\":1,\"name\":\"Portada\",\"item\":\"https:\\\/\\\/alexiniesta.com\\\/\"},{\"@type\":\"ListItem\",\"position\":2,\"name\":\"test\"}]},{\"@type\":\"WebSite\",\"@id\":\"https:\\\/\\\/alexiniesta.com\\\/#website\",\"url\":\"https:\\\/\\\/alexiniesta.com\\\/\",\"name\":\"Alex Iniesta\",\"description\":\"\",\"publisher\":{\"@id\":\"https:\\\/\\\/alexiniesta.com\\\/#organization\"},\"potentialAction\":[{\"@type\":\"SearchAction\",\"target\":{\"@type\":\"EntryPoint\",\"urlTemplate\":\"https:\\\/\\\/alexiniesta.com\\\/?s={search_term_string}\"},\"query-input\":{\"@type\":\"PropertyValueSpecification\",\"valueRequired\":true,\"valueName\":\"search_term_string\"}}],\"inLanguage\":\"ca\"},{\"@type\":\"Organization\",\"@id\":\"https:\\\/\\\/alexiniesta.com\\\/#organization\",\"name\":\"Alex Iniesta\",\"url\":\"https:\\\/\\\/alexiniesta.com\\\/\",\"logo\":{\"@type\":\"ImageObject\",\"inLanguage\":\"ca\",\"@id\":\"https:\\\/\\\/alexiniesta.com\\\/#\\\/schema\\\/logo\\\/image\\\/\",\"url\":\"https:\\\/\\\/alexiniesta.com\\\/wp-content\\\/uploads\\\/2020\\\/04\\\/LOGO-PARA-WEB-copy.png\",\"contentUrl\":\"https:\\\/\\\/alexiniesta.com\\\/wp-content\\\/uploads\\\/2020\\\/04\\\/LOGO-PARA-WEB-copy.png\",\"width\":220,\"height\":100,\"caption\":\"Alex Iniesta\"},\"image\":{\"@id\":\"https:\\\/\\\/alexiniesta.com\\\/#\\\/schema\\\/logo\\\/image\\\/\"}}]}<\/script>\n<!-- \/ Yoast SEO plugin. -->","yoast_head_json":{"title":"test - Alex Iniesta","description":"Alex Iniesta. Producci\u00f3n y realizaci\u00f3n audiovisual. Bellas im\u00e1genes en movimiento. Producci\u00f3n audiovisual de video, TV y films.","robots":{"index":"index","follow":"follow","max-snippet":"max-snippet:-1","max-image-preview":"max-image-preview:large","max-video-preview":"max-video-preview:-1"},"canonical":"https:\/\/alexiniesta.com\/ca\/test\/","og_locale":"ca_ES","og_type":"article","og_title":"test - Alex Iniesta","og_description":"Alex Iniesta. Producci\u00f3n y realizaci\u00f3n audiovisual. Bellas im\u00e1genes en movimiento. Producci\u00f3n audiovisual de video, TV y films.","og_url":"https:\/\/alexiniesta.com\/ca\/test\/","og_site_name":"Alex Iniesta","article_modified_time":"2020-07-01T10:57:31+00:00","twitter_card":"summary_large_image","schema":{"@context":"https:\/\/schema.org","@graph":[{"@type":"WebPage","@id":"https:\/\/alexiniesta.com\/ca\/test\/","url":"https:\/\/alexiniesta.com\/ca\/test\/","name":"test - Alex Iniesta","isPartOf":{"@id":"https:\/\/alexiniesta.com\/#website"},"datePublished":"2020-07-01T10:57:30+00:00","dateModified":"2020-07-01T10:57:31+00:00","description":"Alex Iniesta. Producci\u00f3n y realizaci\u00f3n audiovisual. Bellas im\u00e1genes en movimiento. Producci\u00f3n audiovisual de video, TV y films.","breadcrumb":{"@id":"https:\/\/alexiniesta.com\/ca\/test\/#breadcrumb"},"inLanguage":"ca","potentialAction":[{"@type":"ReadAction","target":["https:\/\/alexiniesta.com\/ca\/test\/"]}]},{"@type":"BreadcrumbList","@id":"https:\/\/alexiniesta.com\/ca\/test\/#breadcrumb","itemListElement":[{"@type":"ListItem","position":1,"name":"Portada","item":"https:\/\/alexiniesta.com\/"},{"@type":"ListItem","position":2,"name":"test"}]},{"@type":"WebSite","@id":"https:\/\/alexiniesta.com\/#website","url":"https:\/\/alexiniesta.com\/","name":"Alex Iniesta","description":"","publisher":{"@id":"https:\/\/alexiniesta.com\/#organization"},"potentialAction":[{"@type":"SearchAction","target":{"@type":"EntryPoint","urlTemplate":"https:\/\/alexiniesta.com\/?s={search_term_string}"},"query-input":{"@type":"PropertyValueSpecification","valueRequired":true,"valueName":"search_term_string"}}],"inLanguage":"ca"},{"@type":"Organization","@id":"https:\/\/alexiniesta.com\/#organization","name":"Alex Iniesta","url":"https:\/\/alexiniesta.com\/","logo":{"@type":"ImageObject","inLanguage":"ca","@id":"https:\/\/alexiniesta.com\/#\/schema\/logo\/image\/","url":"https:\/\/alexiniesta.com\/wp-content\/uploads\/2020\/04\/LOGO-PARA-WEB-copy.png","contentUrl":"https:\/\/alexiniesta.com\/wp-content\/uploads\/2020\/04\/LOGO-PARA-WEB-copy.png","width":220,"height":100,"caption":"Alex Iniesta"},"image":{"@id":"https:\/\/alexiniesta.com\/#\/schema\/logo\/image\/"}}]}},"_links":{"self":[{"href":"https:\/\/alexiniesta.com\/ca\/wp-json\/wp\/v2\/pages\/1172","targetHints":{"allow":["GET"]}}],"collection":[{"href":"https:\/\/alexiniesta.com\/ca\/wp-json\/wp\/v2\/pages"}],"about":[{"href":"https:\/\/alexiniesta.com\/ca\/wp-json\/wp\/v2\/types\/page"}],"author":[{"embeddable":true,"href":"https:\/\/alexiniesta.com\/ca\/wp-json\/wp\/v2\/users\/2"}],"replies":[{"embeddable":true,"href":"https:\/\/alexiniesta.com\/ca\/wp-json\/wp\/v2\/comments?post=1172"}],"version-history":[{"count":0,"href":"https:\/\/alexiniesta.com\/ca\/wp-json\/wp\/v2\/pages\/1172\/revisions"}],"wp:attachment":[{"href":"https:\/\/alexiniesta.com\/ca\/wp-json\/wp\/v2\/media?parent=1172"}],"curies":[{"name":"wp","href":"https:\/\/api.w.org\/{rel}","templated":true}]}}