{"id":667,"date":"2020-03-31T17:59:58","date_gmt":"2020-03-31T15:59:58","guid":{"rendered":"https:\/\/alexiniesta.com\/\/parlem\/"},"modified":"2023-01-16T14:27:14","modified_gmt":"2023-01-16T13:27:14","slug":"parlem","status":"publish","type":"page","link":"https:\/\/alexiniesta.com\/ca\/parlem\/","title":{"rendered":"Parlem"},"content":{"rendered":"\t\t<div data-elementor-type=\"wp-page\" data-elementor-id=\"667\" class=\"elementor elementor-667 elementor-141\" data-elementor-post-type=\"page\">\n\t\t\t\t\t\t<section class=\"elementor-section elementor-top-section elementor-element elementor-element-56e88d5 elementor-section-full_width elementor-section-height-default elementor-section-height-default\" data-id=\"56e88d5\" data-element_type=\"section\" data-e-type=\"section\">\n\t\t\t\t\t\t<div class=\"elementor-container elementor-column-gap-no\">\n\t\t\t\t\t<div class=\"elementor-column elementor-col-100 elementor-top-column elementor-element elementor-element-3576cc7\" data-id=\"3576cc7\" data-element_type=\"column\" data-e-type=\"column\" data-settings=\"{&quot;background_background&quot;:&quot;classic&quot;}\">\n\t\t\t<div class=\"elementor-widget-wrap elementor-element-populated\">\n\t\t\t\t\t\t<section class=\"elementor-section elementor-inner-section elementor-element elementor-element-698cbe1 elementor-section-full_width elementor-section-content-middle elementor-section-height-default elementor-section-height-default\" data-id=\"698cbe1\" data-element_type=\"section\" data-e-type=\"section\">\n\t\t\t\t\t\t<div class=\"elementor-container elementor-column-gap-no\">\n\t\t\t\t\t<div class=\"elementor-column elementor-col-33 elementor-inner-column elementor-element elementor-element-8f3a3fa\" data-id=\"8f3a3fa\" data-element_type=\"column\" data-e-type=\"column\">\n\t\t\t<div class=\"elementor-widget-wrap elementor-element-populated\">\n\t\t\t\t\t\t<div class=\"elementor-element elementor-element-74bdf8f elementor-widget elementor-widget-heading\" data-id=\"74bdf8f\" data-element_type=\"widget\" data-e-type=\"widget\" data-widget_type=\"heading.default\">\n\t\t\t\t<div class=\"elementor-widget-container\">\n\t\t\t\t\t<h2 class=\"elementor-heading-title elementor-size-default\">Parlem?<\/h2>\t\t\t\t<\/div>\n\t\t\t\t<\/div>\n\t\t\t\t<div class=\"elementor-element elementor-element-c7ef54f elementor-widget elementor-widget-text-editor\" data-id=\"c7ef54f\" data-element_type=\"widget\" data-e-type=\"widget\" data-widget_type=\"text-editor.default\">\n\t\t\t\t<div class=\"elementor-widget-container\">\n\t\t\t\t\t\t\t\t\t<p><strong>3, 2, 1, acci\u00f3!.<\/strong> Si est\u00e0s buscant una productora, som la teva. Contacta amb nosaltres a trav\u00e9s d&#8217;aquest formulari de contacte i estarem encantats de resoldre tots els teus dubtes el m\u00e9s aviat possible. Si ho prefeeixes, truca\u2019ns directament al 93 534 20 54 o al 619 74 34 11.<br \/><strong>Benvinguts a \u00c0lex Iniesta V\u00eddeo Tv Films!<\/strong><\/p>\n\t\t\t\t\t\t\t\t<\/div>\n\t\t\t\t<\/div>\n\t\t\t\t<div class=\"elementor-element elementor-element-5599e2d elementor-button-align-stretch elementor-widget elementor-widget-form\" data-id=\"5599e2d\" data-element_type=\"widget\" data-e-type=\"widget\" data-settings=\"{&quot;step_next_label&quot;:&quot;Next&quot;,&quot;step_previous_label&quot;:&quot;Previous&quot;,&quot;button_width&quot;:&quot;100&quot;,&quot;step_type&quot;:&quot;number_text&quot;,&quot;step_icon_shape&quot;:&quot;circle&quot;}\" data-widget_type=\"form.default\">\n\t\t\t\t<div class=\"elementor-widget-container\">\n\t\t\t\t\t\t\t<form class=\"elementor-form\" method=\"post\" name=\"Formulari de contacte\" aria-label=\"Formulari de contacte\">\n\t\t\t<input type=\"hidden\" name=\"post_id\" value=\"667\"\/>\n\t\t\t<input type=\"hidden\" name=\"form_id\" value=\"5599e2d\"\/>\n\t\t\t<input type=\"hidden\" name=\"referer_title\" value=\"Alex Iniesta\" \/>\n\n\t\t\t\n\t\t\t<div class=\"elementor-form-fields-wrapper elementor-labels-above\">\n\t\t\t\t\t\t\t\t<div class=\"elementor-field-type-text elementor-field-group elementor-column elementor-field-group-name elementor-col-50 elementor-field-required\">\n\t\t\t\t\t\t\t\t\t\t\t\t<label for=\"form-field-name\" class=\"elementor-field-label\">\n\t\t\t\t\t\t\t\tNom\t\t\t\t\t\t\t<\/label>\n\t\t\t\t\t\t\t\t\t\t\t\t\t\t<input size=\"1\" type=\"text\" name=\"form_fields[name]\" id=\"form-field-name\" class=\"elementor-field elementor-size-sm  elementor-field-textual\" placeholder=\"Nom\" required=\"required\">\n\t\t\t\t\t\t\t\t\t\t\t<\/div>\n\t\t\t\t\t\t\t\t<div class=\"elementor-field-type-text elementor-field-group elementor-column elementor-field-group-field_1 elementor-col-50 elementor-field-required\">\n\t\t\t\t\t\t\t\t\t\t\t\t<label for=\"form-field-field_1\" class=\"elementor-field-label\">\n\t\t\t\t\t\t\t\tEmpresa\t\t\t\t\t\t\t<\/label>\n\t\t\t\t\t\t\t\t\t\t\t\t\t\t<input size=\"1\" type=\"text\" name=\"form_fields[field_1]\" id=\"form-field-field_1\" class=\"elementor-field elementor-size-sm  elementor-field-textual\" placeholder=\"Empresa\" required=\"required\">\n\t\t\t\t\t\t\t\t\t\t\t<\/div>\n\t\t\t\t\t\t\t\t<div class=\"elementor-field-type-tel elementor-field-group elementor-column elementor-field-group-email elementor-col-100 elementor-field-required\">\n\t\t\t\t\t\t\t\t\t\t\t\t<label for=\"form-field-email\" class=\"elementor-field-label\">\n\t\t\t\t\t\t\t\tTel\u00e8fon\t\t\t\t\t\t\t<\/label>\n\t\t\t\t\t\t\t\t<input size=\"1\" type=\"tel\" name=\"form_fields[email]\" id=\"form-field-email\" class=\"elementor-field elementor-size-sm  elementor-field-textual\" placeholder=\"Tel\u00e8fon\" required=\"required\" pattern=\"[0-9()#&amp;+*-=.]+\" title=\"Only numbers and phone characters (#, -, *, etc) are accepted.\">\n\n\t\t\t\t\t\t<\/div>\n\t\t\t\t\t\t\t\t<div class=\"elementor-field-type-email elementor-field-group elementor-column elementor-field-group-field_2 elementor-col-100 elementor-field-required\">\n\t\t\t\t\t\t\t\t\t\t\t\t<label for=\"form-field-field_2\" class=\"elementor-field-label\">\n\t\t\t\t\t\t\t\tEmail\t\t\t\t\t\t\t<\/label>\n\t\t\t\t\t\t\t\t\t\t\t\t\t\t<input size=\"1\" type=\"email\" name=\"form_fields[field_2]\" id=\"form-field-field_2\" class=\"elementor-field elementor-size-sm  elementor-field-textual\" placeholder=\"Email\" required=\"required\">\n\t\t\t\t\t\t\t\t\t\t\t<\/div>\n\t\t\t\t\t\t\t\t<div class=\"elementor-field-type-textarea elementor-field-group elementor-column elementor-field-group-message elementor-col-100 elementor-field-required\">\n\t\t\t\t\t\t\t\t\t\t\t\t<label for=\"form-field-message\" class=\"elementor-field-label\">\n\t\t\t\t\t\t\t\tQu\u00e8 necessites?\t\t\t\t\t\t\t<\/label>\n\t\t\t\t\t\t<textarea class=\"elementor-field-textual elementor-field  elementor-size-sm\" name=\"form_fields[message]\" id=\"form-field-message\" rows=\"6\" placeholder=\"Qu\u00e8 necessites?\" required=\"required\"><\/textarea>\t\t\t\t<\/div>\n\t\t\t\t\t\t\t\t<div class=\"elementor-field-type-acceptance elementor-field-group elementor-column elementor-field-group-field_3 elementor-col-100 elementor-field-required\">\n\t\t\t\t\t\t\t\t\t\t\t\t<label for=\"form-field-field_3\" class=\"elementor-field-label\">\n\t\t\t\t\t\t\t\tPol\u00edtica\t\t\t\t\t\t\t<\/label>\n\t\t\t\t\t\t\t\t<div class=\"elementor-field-subgroup\">\n\t\t\t<span class=\"elementor-field-option\">\n\t\t\t\t<input type=\"checkbox\" name=\"form_fields[field_3]\" id=\"form-field-field_3\" class=\"elementor-field elementor-size-sm  elementor-acceptance-field\" required=\"required\">\n\t\t\t\t<label for=\"form-field-field_3\">He llegit i accepto la pol\u00edtica de privacitat<\/label>\t\t\t<\/span>\n\t\t<\/div>\n\t\t\t\t\t\t<\/div>\n\t\t\t\t\t\t\t\t<div class=\"elementor-field-type-recaptcha elementor-field-group elementor-column elementor-field-group-field_dc09de7 elementor-col-100\">\n\t\t\t\t\t<div class=\"elementor-field\" id=\"form-field-field_dc09de7\"><div class=\"elementor-g-recaptcha\" data-sitekey=\"6LdfTwAkAAAAAPJL6f77rfiPIo_rTzIbRn_tN_9y\" data-type=\"v2_checkbox\" data-theme=\"light\" data-size=\"normal\"><\/div><\/div>\t\t\t\t<\/div>\n\t\t\t\t\t\t\t\t<div class=\"elementor-field-group elementor-column elementor-field-type-submit elementor-col-100 e-form__buttons\">\n\t\t\t\t\t<button class=\"elementor-button elementor-size-sm\" type=\"submit\">\n\t\t\t\t\t\t<span class=\"elementor-button-content-wrapper\">\n\t\t\t\t\t\t\t\t\t\t\t\t\t\t\t\t\t\t\t\t\t\t<span class=\"elementor-button-text\">ENVIA!<\/span>\n\t\t\t\t\t\t\t\t\t\t\t\t\t<\/span>\n\t\t\t\t\t<\/button>\n\t\t\t\t<\/div>\n\t\t\t<\/div>\n\t\t<\/form>\n\t\t\t\t\t\t<\/div>\n\t\t\t\t<\/div>\n\t\t\t\t<div class=\"elementor-element elementor-element-28df172 elementor-widget-divider--view-line elementor-widget elementor-widget-divider\" data-id=\"28df172\" data-element_type=\"widget\" data-e-type=\"widget\" data-widget_type=\"divider.default\">\n\t\t\t\t<div class=\"elementor-widget-container\">\n\t\t\t\t\t\t\t<div class=\"elementor-divider\">\n\t\t\t<span class=\"elementor-divider-separator\">\n\t\t\t\t\t\t<\/span>\n\t\t<\/div>\n\t\t\t\t\t\t<\/div>\n\t\t\t\t<\/div>\n\t\t\t\t<div class=\"elementor-element elementor-element-b096d3d elementor-widget elementor-widget-google_maps\" data-id=\"b096d3d\" data-element_type=\"widget\" data-e-type=\"widget\" data-widget_type=\"google_maps.default\">\n\t\t\t\t<div class=\"elementor-widget-container\">\n\t\t\t\t\t\t\t<div class=\"elementor-custom-embed\">\n\t\t\t<iframe loading=\"lazy\"\n\t\t\t\t\tsrc=\"https:\/\/maps.google.com\/maps?q=Via%20Augusta%20120%2C%203%C2%BA%201%C2%AA%20Barcelona%2008006.&#038;t=m&#038;z=15&#038;output=embed&#038;iwloc=near\"\n\t\t\t\t\ttitle=\"Via Augusta 120, 3\u00ba 1\u00aa Barcelona 08006.\"\n\t\t\t\t\taria-label=\"Via Augusta 120, 3\u00ba 1\u00aa Barcelona 08006.\"\n\t\t\t><\/iframe>\n\t\t<\/div>\n\t\t\t\t\t\t<\/div>\n\t\t\t\t<\/div>\n\t\t\t\t\t<\/div>\n\t\t<\/div>\n\t\t\t\t<div class=\"elementor-column elementor-col-66 elementor-inner-column elementor-element elementor-element-b440eaa\" data-id=\"b440eaa\" data-element_type=\"column\" data-e-type=\"column\" data-settings=\"{&quot;background_background&quot;:&quot;classic&quot;}\">\n\t\t\t<div class=\"elementor-widget-wrap elementor-element-populated\">\n\t\t\t\t\t\t<div class=\"elementor-element elementor-element-ede2dc7 elementor-hidden-desktop elementor-widget elementor-widget-spacer\" data-id=\"ede2dc7\" data-element_type=\"widget\" data-e-type=\"widget\" data-widget_type=\"spacer.default\">\n\t\t\t\t<div class=\"elementor-widget-container\">\n\t\t\t\t\t\t\t<div class=\"elementor-spacer\">\n\t\t\t<div class=\"elementor-spacer-inner\"><\/div>\n\t\t<\/div>\n\t\t\t\t\t\t<\/div>\n\t\t\t\t<\/div>\n\t\t\t\t\t<\/div>\n\t\t<\/div>\n\t\t\t\t\t<\/div>\n\t\t<\/section>\n\t\t\t\t\t<\/div>\n\t\t<\/div>\n\t\t\t\t\t<\/div>\n\t\t<\/section>\n\t\t\t\t<\/div>\n\t\t","protected":false},"excerpt":{"rendered":"<p>Parlem? 3, 2, 1, acci\u00f3!. Si est\u00e0s buscant una productora, som la teva. Contacta amb nosaltres a trav\u00e9s d&#8217;aquest formulari de contacte i estarem encantats de resoldre tots els teus dubtes el m\u00e9s aviat possible. Si ho prefeeixes, truca\u2019ns directament al 93 534 20 54 o al 619 74 34 11. Benvinguts a \u00c0lex Iniesta [&hellip;]<\/p>\n","protected":false},"author":2,"featured_media":0,"parent":0,"menu_order":0,"comment_status":"closed","ping_status":"closed","template":"","meta":{"site-sidebar-layout":"no-sidebar","site-content-layout":"page-builder","ast-site-content-layout":"default","site-content-style":"default","site-sidebar-style":"default","ast-global-header-display":"","ast-banner-title-visibility":"","ast-main-header-display":"","ast-hfb-above-header-display":"","ast-hfb-below-header-display":"","ast-hfb-mobile-header-display":"","site-post-title":"disabled","ast-breadcrumbs-content":"","ast-featured-img":"disabled","footer-sml-layout":"","ast-disable-related-posts":"","theme-transparent-header-meta":"default","adv-header-id-meta":"","stick-header-meta":"","header-above-stick-meta":"","header-main-stick-meta":"","header-below-stick-meta":"","astra-migrate-meta-layouts":"default","ast-page-background-enabled":"default","ast-page-background-meta":{"desktop":{"background-color":"","background-image":"","background-repeat":"repeat","background-position":"center center","background-size":"auto","background-attachment":"scroll","background-type":"","background-media":"","overlay-type":"","overlay-color":"","overlay-opacity":"","overlay-gradient":""},"tablet":{"background-color":"","background-image":"","background-repeat":"repeat","background-position":"center center","background-size":"auto","background-attachment":"scroll","background-type":"","background-media":"","overlay-type":"","overlay-color":"","overlay-opacity":"","overlay-gradient":""},"mobile":{"background-color":"","background-image":"","background-repeat":"repeat","background-position":"center center","background-size":"auto","background-attachment":"scroll","background-type":"","background-media":"","overlay-type":"","overlay-color":"","overlay-opacity":"","overlay-gradient":""}},"ast-content-background-meta":{"desktop":{"background-color":"var(--ast-global-color-5)","background-image":"","background-repeat":"repeat","background-position":"center center","background-size":"auto","background-attachment":"scroll","background-type":"","background-media":"","overlay-type":"","overlay-color":"","overlay-opacity":"","overlay-gradient":""},"tablet":{"background-color":"var(--ast-global-color-5)","background-image":"","background-repeat":"repeat","background-position":"center center","background-size":"auto","background-attachment":"scroll","background-type":"","background-media":"","overlay-type":"","overlay-color":"","overlay-opacity":"","overlay-gradient":""},"mobile":{"background-color":"var(--ast-global-color-5)","background-image":"","background-repeat":"repeat","background-position":"center center","background-size":"auto","background-attachment":"scroll","background-type":"","background-media":"","overlay-type":"","overlay-color":"","overlay-opacity":"","overlay-gradient":""}},"footnotes":""},"class_list":["post-667","page","type-page","status-publish","hentry"],"yoast_head":"<!-- This site is optimized with the Yoast SEO plugin v27.1.1 - https:\/\/yoast.com\/product\/yoast-seo-wordpress\/ -->\n<title>Parlem - Alex Iniesta<\/title>\n<meta name=\"description\" content=\"Alex Iniesta. Producci\u00f3n y realizaci\u00f3n audiovisual. Bellas im\u00e1genes en movimiento. Producci\u00f3n audiovisual de video, TV y films.\" \/>\n<meta name=\"robots\" content=\"index, follow, max-snippet:-1, max-image-preview:large, max-video-preview:-1\" \/>\n<link rel=\"canonical\" href=\"https:\/\/alexiniesta.com\/ca\/parlem\/\" \/>\n<meta property=\"og:locale\" content=\"ca_ES\" \/>\n<meta property=\"og:type\" content=\"article\" \/>\n<meta property=\"og:title\" content=\"Parlem - Alex Iniesta\" \/>\n<meta property=\"og:description\" content=\"Alex Iniesta. Producci\u00f3n y realizaci\u00f3n audiovisual. Bellas im\u00e1genes en movimiento. Producci\u00f3n audiovisual de video, TV y films.\" \/>\n<meta property=\"og:url\" content=\"https:\/\/alexiniesta.com\/ca\/parlem\/\" \/>\n<meta property=\"og:site_name\" content=\"Alex Iniesta\" \/>\n<meta property=\"article:modified_time\" content=\"2023-01-16T13:27:14+00:00\" \/>\n<meta name=\"twitter:card\" content=\"summary_large_image\" \/>\n<script type=\"application\/ld+json\" class=\"yoast-schema-graph\">{\"@context\":\"https:\/\/schema.org\",\"@graph\":[{\"@type\":\"WebPage\",\"@id\":\"https:\/\/alexiniesta.com\/ca\/parlem\/\",\"url\":\"https:\/\/alexiniesta.com\/ca\/parlem\/\",\"name\":\"Parlem - Alex Iniesta\",\"isPartOf\":{\"@id\":\"https:\/\/alexiniesta.com\/#website\"},\"datePublished\":\"2020-03-31T15:59:58+00:00\",\"dateModified\":\"2023-01-16T13:27:14+00:00\",\"description\":\"Alex Iniesta. Producci\u00f3n y realizaci\u00f3n audiovisual. Bellas im\u00e1genes en movimiento. Producci\u00f3n audiovisual de video, TV y films.\",\"breadcrumb\":{\"@id\":\"https:\/\/alexiniesta.com\/ca\/parlem\/#breadcrumb\"},\"inLanguage\":\"ca\",\"potentialAction\":[{\"@type\":\"ReadAction\",\"target\":[\"https:\/\/alexiniesta.com\/ca\/parlem\/\"]}]},{\"@type\":\"BreadcrumbList\",\"@id\":\"https:\/\/alexiniesta.com\/ca\/parlem\/#breadcrumb\",\"itemListElement\":[{\"@type\":\"ListItem\",\"position\":1,\"name\":\"Portada\",\"item\":\"https:\/\/alexiniesta.com\/\"},{\"@type\":\"ListItem\",\"position\":2,\"name\":\"Parlem\"}]},{\"@type\":\"WebSite\",\"@id\":\"https:\/\/alexiniesta.com\/#website\",\"url\":\"https:\/\/alexiniesta.com\/\",\"name\":\"Alex Iniesta\",\"description\":\"\",\"publisher\":{\"@id\":\"https:\/\/alexiniesta.com\/#organization\"},\"potentialAction\":[{\"@type\":\"SearchAction\",\"target\":{\"@type\":\"EntryPoint\",\"urlTemplate\":\"https:\/\/alexiniesta.com\/?s={search_term_string}\"},\"query-input\":{\"@type\":\"PropertyValueSpecification\",\"valueRequired\":true,\"valueName\":\"search_term_string\"}}],\"inLanguage\":\"ca\"},{\"@type\":\"Organization\",\"@id\":\"https:\/\/alexiniesta.com\/#organization\",\"name\":\"Alex Iniesta\",\"url\":\"https:\/\/alexiniesta.com\/\",\"logo\":{\"@type\":\"ImageObject\",\"inLanguage\":\"ca\",\"@id\":\"https:\/\/alexiniesta.com\/#\/schema\/logo\/image\/\",\"url\":\"https:\/\/alexiniesta.com\/wp-content\/uploads\/2020\/04\/LOGO-PARA-WEB-copy.png\",\"contentUrl\":\"https:\/\/alexiniesta.com\/wp-content\/uploads\/2020\/04\/LOGO-PARA-WEB-copy.png\",\"width\":220,\"height\":100,\"caption\":\"Alex Iniesta\"},\"image\":{\"@id\":\"https:\/\/alexiniesta.com\/#\/schema\/logo\/image\/\"}}]}<\/script>\n<!-- \/ Yoast SEO plugin. -->","yoast_head_json":{"title":"Parlem - Alex Iniesta","description":"Alex Iniesta. Producci\u00f3n y realizaci\u00f3n audiovisual. Bellas im\u00e1genes en movimiento. Producci\u00f3n audiovisual de video, TV y films.","robots":{"index":"index","follow":"follow","max-snippet":"max-snippet:-1","max-image-preview":"max-image-preview:large","max-video-preview":"max-video-preview:-1"},"canonical":"https:\/\/alexiniesta.com\/ca\/parlem\/","og_locale":"ca_ES","og_type":"article","og_title":"Parlem - Alex Iniesta","og_description":"Alex Iniesta. Producci\u00f3n y realizaci\u00f3n audiovisual. Bellas im\u00e1genes en movimiento. Producci\u00f3n audiovisual de video, TV y films.","og_url":"https:\/\/alexiniesta.com\/ca\/parlem\/","og_site_name":"Alex Iniesta","article_modified_time":"2023-01-16T13:27:14+00:00","twitter_card":"summary_large_image","schema":{"@context":"https:\/\/schema.org","@graph":[{"@type":"WebPage","@id":"https:\/\/alexiniesta.com\/ca\/parlem\/","url":"https:\/\/alexiniesta.com\/ca\/parlem\/","name":"Parlem - Alex Iniesta","isPartOf":{"@id":"https:\/\/alexiniesta.com\/#website"},"datePublished":"2020-03-31T15:59:58+00:00","dateModified":"2023-01-16T13:27:14+00:00","description":"Alex Iniesta. Producci\u00f3n y realizaci\u00f3n audiovisual. Bellas im\u00e1genes en movimiento. Producci\u00f3n audiovisual de video, TV y films.","breadcrumb":{"@id":"https:\/\/alexiniesta.com\/ca\/parlem\/#breadcrumb"},"inLanguage":"ca","potentialAction":[{"@type":"ReadAction","target":["https:\/\/alexiniesta.com\/ca\/parlem\/"]}]},{"@type":"BreadcrumbList","@id":"https:\/\/alexiniesta.com\/ca\/parlem\/#breadcrumb","itemListElement":[{"@type":"ListItem","position":1,"name":"Portada","item":"https:\/\/alexiniesta.com\/"},{"@type":"ListItem","position":2,"name":"Parlem"}]},{"@type":"WebSite","@id":"https:\/\/alexiniesta.com\/#website","url":"https:\/\/alexiniesta.com\/","name":"Alex Iniesta","description":"","publisher":{"@id":"https:\/\/alexiniesta.com\/#organization"},"potentialAction":[{"@type":"SearchAction","target":{"@type":"EntryPoint","urlTemplate":"https:\/\/alexiniesta.com\/?s={search_term_string}"},"query-input":{"@type":"PropertyValueSpecification","valueRequired":true,"valueName":"search_term_string"}}],"inLanguage":"ca"},{"@type":"Organization","@id":"https:\/\/alexiniesta.com\/#organization","name":"Alex Iniesta","url":"https:\/\/alexiniesta.com\/","logo":{"@type":"ImageObject","inLanguage":"ca","@id":"https:\/\/alexiniesta.com\/#\/schema\/logo\/image\/","url":"https:\/\/alexiniesta.com\/wp-content\/uploads\/2020\/04\/LOGO-PARA-WEB-copy.png","contentUrl":"https:\/\/alexiniesta.com\/wp-content\/uploads\/2020\/04\/LOGO-PARA-WEB-copy.png","width":220,"height":100,"caption":"Alex Iniesta"},"image":{"@id":"https:\/\/alexiniesta.com\/#\/schema\/logo\/image\/"}}]}},"_links":{"self":[{"href":"https:\/\/alexiniesta.com\/ca\/wp-json\/wp\/v2\/pages\/667","targetHints":{"allow":["GET"]}}],"collection":[{"href":"https:\/\/alexiniesta.com\/ca\/wp-json\/wp\/v2\/pages"}],"about":[{"href":"https:\/\/alexiniesta.com\/ca\/wp-json\/wp\/v2\/types\/page"}],"author":[{"embeddable":true,"href":"https:\/\/alexiniesta.com\/ca\/wp-json\/wp\/v2\/users\/2"}],"replies":[{"embeddable":true,"href":"https:\/\/alexiniesta.com\/ca\/wp-json\/wp\/v2\/comments?post=667"}],"version-history":[{"count":0,"href":"https:\/\/alexiniesta.com\/ca\/wp-json\/wp\/v2\/pages\/667\/revisions"}],"wp:attachment":[{"href":"https:\/\/alexiniesta.com\/ca\/wp-json\/wp\/v2\/media?parent=667"}],"curies":[{"name":"wp","href":"https:\/\/api.w.org\/{rel}","templated":true}]}}