{"id":629,"date":"2020-03-31T17:43:09","date_gmt":"2020-03-31T15:43:09","guid":{"rendered":"https:\/\/alexiniesta.com\/\/about-us-2\/"},"modified":"2020-03-31T17:44:35","modified_gmt":"2020-03-31T15:44:35","slug":"about-us-2","status":"publish","type":"page","link":"https:\/\/alexiniesta.com\/en\/about-us-2\/","title":{"rendered":"About us"},"content":{"rendered":"\t\t<div data-elementor-type=\"wp-page\" data-elementor-id=\"629\" class=\"elementor elementor-629 elementor-164\" data-elementor-post-type=\"page\">\n\t\t\t\t\t\t<section class=\"elementor-section elementor-top-section elementor-element elementor-element-86cf49d elementor-section-full_width elementor-section-height-full elementor-section-items-stretch elementor-reverse-tablet elementor-reverse-mobile elementor-section-height-default\" data-id=\"86cf49d\" data-element_type=\"section\" data-e-type=\"section\">\n\t\t\t\t\t\t<div class=\"elementor-container elementor-column-gap-no\">\n\t\t\t\t\t<div class=\"elementor-column elementor-col-50 elementor-top-column elementor-element elementor-element-ef49776\" data-id=\"ef49776\" data-element_type=\"column\" data-e-type=\"column\" data-settings=\"{&quot;background_background&quot;:&quot;classic&quot;}\">\n\t\t\t<div class=\"elementor-widget-wrap elementor-element-populated\">\n\t\t\t\t\t\t<div class=\"elementor-element elementor-element-7961f00 elementor-hidden-desktop elementor-widget elementor-widget-spacer\" data-id=\"7961f00\" data-element_type=\"widget\" data-e-type=\"widget\" data-widget_type=\"spacer.default\">\n\t\t\t\t<div class=\"elementor-widget-container\">\n\t\t\t\t\t\t\t<div class=\"elementor-spacer\">\n\t\t\t<div class=\"elementor-spacer-inner\"><\/div>\n\t\t<\/div>\n\t\t\t\t\t\t<\/div>\n\t\t\t\t<\/div>\n\t\t\t\t\t<\/div>\n\t\t<\/div>\n\t\t\t\t<div class=\"elementor-column elementor-col-50 elementor-top-column elementor-element elementor-element-31fd53a\" data-id=\"31fd53a\" data-element_type=\"column\" data-e-type=\"column\" data-settings=\"{&quot;background_background&quot;:&quot;classic&quot;}\">\n\t\t\t<div class=\"elementor-widget-wrap elementor-element-populated\">\n\t\t\t\t\t\t<div class=\"elementor-element elementor-element-2b3f435 elementor-widget elementor-widget-text-editor\" data-id=\"2b3f435\" data-element_type=\"widget\" data-e-type=\"widget\" data-widget_type=\"text-editor.default\">\n\t\t\t\t<div class=\"elementor-widget-container\">\n\t\t\t\t\t\t\t\t\t<p><strong>\u00c0lex Iniesta<\/strong> Audiovisual maker, post-producer and colorist freelancer \u00c0lex Iniesta consolidates himself in 2002 and for more than 20 years works as an independent studio of production, post-production and motion graphics configuring a production team, copies, screenwriters, DOP, editors, post-producers and colorists, that emerges and mutates depending on the type of project always on the instructions of Alex Iniesta giving support to film and television production companies, agencies, brands, companies and institutions stimulating creativity in image and communication. <\/p>\n<p>A.I. continues to collaborate as a freelancer for production companies and post-production houses because of his passion for learning and sharing with the audiovisual sector.<\/p>\n<p>Communicating through the image in movement, expressing the message, arousing audiovisual intentions by adjusting to the real needs of each client and each story, providing creativity and speed of execution in each project is our goal.<\/p>\n<p>TV spots, corporate, institutional, video clips, telemovies, short films, follow ups of work with timelapse videos, aerial images with drone are fields in which we move comfortably. <\/p>\n<p>Post-production, color, mastering and color grading processes are the spaces where we exist.<\/p>\n\t\t\t\t\t\t\t\t<\/div>\n\t\t\t\t<\/div>\n\t\t\t\t\t<\/div>\n\t\t<\/div>\n\t\t\t\t\t<\/div>\n\t\t<\/section>\n\t\t\t\t<\/div>\n\t\t","protected":false},"excerpt":{"rendered":"<p>\u00c0lex Iniesta Audiovisual maker, post-producer and colorist freelancer \u00c0lex Iniesta consolidates himself in 2002 and for more than 20 years works as an independent studio of production, post-production and motion graphics configuring a production team, copies, screenwriters, DOP, editors, post-producers and colorists, that emerges and mutates depending on the type of project always on the [&hellip;]<\/p>\n","protected":false},"author":2,"featured_media":0,"parent":0,"menu_order":0,"comment_status":"closed","ping_status":"closed","template":"","meta":{"site-sidebar-layout":"no-sidebar","site-content-layout":"page-builder","ast-site-content-layout":"default","site-content-style":"default","site-sidebar-style":"default","ast-global-header-display":"","ast-banner-title-visibility":"","ast-main-header-display":"","ast-hfb-above-header-display":"","ast-hfb-below-header-display":"","ast-hfb-mobile-header-display":"","site-post-title":"disabled","ast-breadcrumbs-content":"","ast-featured-img":"disabled","footer-sml-layout":"","ast-disable-related-posts":"","theme-transparent-header-meta":"default","adv-header-id-meta":"","stick-header-meta":"","header-above-stick-meta":"","header-main-stick-meta":"","header-below-stick-meta":"","astra-migrate-meta-layouts":"default","ast-page-background-enabled":"default","ast-page-background-meta":{"desktop":{"background-color":"","background-image":"","background-repeat":"repeat","background-position":"center center","background-size":"auto","background-attachment":"scroll","background-type":"","background-media":"","overlay-type":"","overlay-color":"","overlay-opacity":"","overlay-gradient":""},"tablet":{"background-color":"","background-image":"","background-repeat":"repeat","background-position":"center center","background-size":"auto","background-attachment":"scroll","background-type":"","background-media":"","overlay-type":"","overlay-color":"","overlay-opacity":"","overlay-gradient":""},"mobile":{"background-color":"","background-image":"","background-repeat":"repeat","background-position":"center center","background-size":"auto","background-attachment":"scroll","background-type":"","background-media":"","overlay-type":"","overlay-color":"","overlay-opacity":"","overlay-gradient":""}},"ast-content-background-meta":{"desktop":{"background-color":"var(--ast-global-color-5)","background-image":"","background-repeat":"repeat","background-position":"center center","background-size":"auto","background-attachment":"scroll","background-type":"","background-media":"","overlay-type":"","overlay-color":"","overlay-opacity":"","overlay-gradient":""},"tablet":{"background-color":"var(--ast-global-color-5)","background-image":"","background-repeat":"repeat","background-position":"center center","background-size":"auto","background-attachment":"scroll","background-type":"","background-media":"","overlay-type":"","overlay-color":"","overlay-opacity":"","overlay-gradient":""},"mobile":{"background-color":"var(--ast-global-color-5)","background-image":"","background-repeat":"repeat","background-position":"center center","background-size":"auto","background-attachment":"scroll","background-type":"","background-media":"","overlay-type":"","overlay-color":"","overlay-opacity":"","overlay-gradient":""}},"footnotes":""},"class_list":["post-629","page","type-page","status-publish","hentry"],"yoast_head":"<!-- This site is optimized with the Yoast SEO plugin v27.1.1 - https:\/\/yoast.com\/product\/yoast-seo-wordpress\/ -->\n<title>About us - Alex Iniesta<\/title>\n<meta name=\"description\" content=\"Alex Iniesta. Producci\u00f3n y realizaci\u00f3n audiovisual. Bellas im\u00e1genes en movimiento. Producci\u00f3n audiovisual de video, TV y films.\" \/>\n<meta name=\"robots\" content=\"index, follow, max-snippet:-1, max-image-preview:large, max-video-preview:-1\" \/>\n<link rel=\"canonical\" href=\"https:\/\/alexiniesta.com\/en\/about-us-2\/\" \/>\n<meta property=\"og:locale\" content=\"en_US\" \/>\n<meta property=\"og:type\" content=\"article\" \/>\n<meta property=\"og:title\" content=\"About us - Alex Iniesta\" \/>\n<meta property=\"og:description\" content=\"Alex Iniesta. Producci\u00f3n y realizaci\u00f3n audiovisual. Bellas im\u00e1genes en movimiento. Producci\u00f3n audiovisual de video, TV y films.\" \/>\n<meta property=\"og:url\" content=\"https:\/\/alexiniesta.com\/en\/about-us-2\/\" \/>\n<meta property=\"og:site_name\" content=\"Alex Iniesta\" \/>\n<meta property=\"article:modified_time\" content=\"2020-03-31T15:44:35+00:00\" \/>\n<meta name=\"twitter:card\" content=\"summary_large_image\" \/>\n<meta name=\"twitter:label1\" content=\"Est. reading time\" \/>\n\t<meta name=\"twitter:data1\" content=\"1 minute\" \/>\n<script type=\"application\/ld+json\" class=\"yoast-schema-graph\">{\"@context\":\"https:\/\/schema.org\",\"@graph\":[{\"@type\":\"WebPage\",\"@id\":\"https:\/\/alexiniesta.com\/en\/about-us-2\/\",\"url\":\"https:\/\/alexiniesta.com\/en\/about-us-2\/\",\"name\":\"About us - Alex Iniesta\",\"isPartOf\":{\"@id\":\"https:\/\/alexiniesta.com\/#website\"},\"datePublished\":\"2020-03-31T15:43:09+00:00\",\"dateModified\":\"2020-03-31T15:44:35+00:00\",\"description\":\"Alex Iniesta. Producci\u00f3n y realizaci\u00f3n audiovisual. Bellas im\u00e1genes en movimiento. Producci\u00f3n audiovisual de video, TV y films.\",\"breadcrumb\":{\"@id\":\"https:\/\/alexiniesta.com\/en\/about-us-2\/#breadcrumb\"},\"inLanguage\":\"en-US\",\"potentialAction\":[{\"@type\":\"ReadAction\",\"target\":[\"https:\/\/alexiniesta.com\/en\/about-us-2\/\"]}]},{\"@type\":\"BreadcrumbList\",\"@id\":\"https:\/\/alexiniesta.com\/en\/about-us-2\/#breadcrumb\",\"itemListElement\":[{\"@type\":\"ListItem\",\"position\":1,\"name\":\"Portada\",\"item\":\"https:\/\/alexiniesta.com\/\"},{\"@type\":\"ListItem\",\"position\":2,\"name\":\"About us\"}]},{\"@type\":\"WebSite\",\"@id\":\"https:\/\/alexiniesta.com\/#website\",\"url\":\"https:\/\/alexiniesta.com\/\",\"name\":\"Alex Iniesta\",\"description\":\"\",\"publisher\":{\"@id\":\"https:\/\/alexiniesta.com\/#organization\"},\"potentialAction\":[{\"@type\":\"SearchAction\",\"target\":{\"@type\":\"EntryPoint\",\"urlTemplate\":\"https:\/\/alexiniesta.com\/?s={search_term_string}\"},\"query-input\":{\"@type\":\"PropertyValueSpecification\",\"valueRequired\":true,\"valueName\":\"search_term_string\"}}],\"inLanguage\":\"en-US\"},{\"@type\":\"Organization\",\"@id\":\"https:\/\/alexiniesta.com\/#organization\",\"name\":\"Alex Iniesta\",\"url\":\"https:\/\/alexiniesta.com\/\",\"logo\":{\"@type\":\"ImageObject\",\"inLanguage\":\"en-US\",\"@id\":\"https:\/\/alexiniesta.com\/#\/schema\/logo\/image\/\",\"url\":\"https:\/\/alexiniesta.com\/wp-content\/uploads\/2020\/04\/LOGO-PARA-WEB-copy.png\",\"contentUrl\":\"https:\/\/alexiniesta.com\/wp-content\/uploads\/2020\/04\/LOGO-PARA-WEB-copy.png\",\"width\":220,\"height\":100,\"caption\":\"Alex Iniesta\"},\"image\":{\"@id\":\"https:\/\/alexiniesta.com\/#\/schema\/logo\/image\/\"}}]}<\/script>\n<!-- \/ Yoast SEO plugin. -->","yoast_head_json":{"title":"About us - Alex Iniesta","description":"Alex Iniesta. Producci\u00f3n y realizaci\u00f3n audiovisual. Bellas im\u00e1genes en movimiento. Producci\u00f3n audiovisual de video, TV y films.","robots":{"index":"index","follow":"follow","max-snippet":"max-snippet:-1","max-image-preview":"max-image-preview:large","max-video-preview":"max-video-preview:-1"},"canonical":"https:\/\/alexiniesta.com\/en\/about-us-2\/","og_locale":"en_US","og_type":"article","og_title":"About us - Alex Iniesta","og_description":"Alex Iniesta. Producci\u00f3n y realizaci\u00f3n audiovisual. Bellas im\u00e1genes en movimiento. Producci\u00f3n audiovisual de video, TV y films.","og_url":"https:\/\/alexiniesta.com\/en\/about-us-2\/","og_site_name":"Alex Iniesta","article_modified_time":"2020-03-31T15:44:35+00:00","twitter_card":"summary_large_image","twitter_misc":{"Est. reading time":"1 minute"},"schema":{"@context":"https:\/\/schema.org","@graph":[{"@type":"WebPage","@id":"https:\/\/alexiniesta.com\/en\/about-us-2\/","url":"https:\/\/alexiniesta.com\/en\/about-us-2\/","name":"About us - Alex Iniesta","isPartOf":{"@id":"https:\/\/alexiniesta.com\/#website"},"datePublished":"2020-03-31T15:43:09+00:00","dateModified":"2020-03-31T15:44:35+00:00","description":"Alex Iniesta. Producci\u00f3n y realizaci\u00f3n audiovisual. Bellas im\u00e1genes en movimiento. Producci\u00f3n audiovisual de video, TV y films.","breadcrumb":{"@id":"https:\/\/alexiniesta.com\/en\/about-us-2\/#breadcrumb"},"inLanguage":"en-US","potentialAction":[{"@type":"ReadAction","target":["https:\/\/alexiniesta.com\/en\/about-us-2\/"]}]},{"@type":"BreadcrumbList","@id":"https:\/\/alexiniesta.com\/en\/about-us-2\/#breadcrumb","itemListElement":[{"@type":"ListItem","position":1,"name":"Portada","item":"https:\/\/alexiniesta.com\/"},{"@type":"ListItem","position":2,"name":"About us"}]},{"@type":"WebSite","@id":"https:\/\/alexiniesta.com\/#website","url":"https:\/\/alexiniesta.com\/","name":"Alex Iniesta","description":"","publisher":{"@id":"https:\/\/alexiniesta.com\/#organization"},"potentialAction":[{"@type":"SearchAction","target":{"@type":"EntryPoint","urlTemplate":"https:\/\/alexiniesta.com\/?s={search_term_string}"},"query-input":{"@type":"PropertyValueSpecification","valueRequired":true,"valueName":"search_term_string"}}],"inLanguage":"en-US"},{"@type":"Organization","@id":"https:\/\/alexiniesta.com\/#organization","name":"Alex Iniesta","url":"https:\/\/alexiniesta.com\/","logo":{"@type":"ImageObject","inLanguage":"en-US","@id":"https:\/\/alexiniesta.com\/#\/schema\/logo\/image\/","url":"https:\/\/alexiniesta.com\/wp-content\/uploads\/2020\/04\/LOGO-PARA-WEB-copy.png","contentUrl":"https:\/\/alexiniesta.com\/wp-content\/uploads\/2020\/04\/LOGO-PARA-WEB-copy.png","width":220,"height":100,"caption":"Alex Iniesta"},"image":{"@id":"https:\/\/alexiniesta.com\/#\/schema\/logo\/image\/"}}]}},"_links":{"self":[{"href":"https:\/\/alexiniesta.com\/en\/wp-json\/wp\/v2\/pages\/629","targetHints":{"allow":["GET"]}}],"collection":[{"href":"https:\/\/alexiniesta.com\/en\/wp-json\/wp\/v2\/pages"}],"about":[{"href":"https:\/\/alexiniesta.com\/en\/wp-json\/wp\/v2\/types\/page"}],"author":[{"embeddable":true,"href":"https:\/\/alexiniesta.com\/en\/wp-json\/wp\/v2\/users\/2"}],"replies":[{"embeddable":true,"href":"https:\/\/alexiniesta.com\/en\/wp-json\/wp\/v2\/comments?post=629"}],"version-history":[{"count":0,"href":"https:\/\/alexiniesta.com\/en\/wp-json\/wp\/v2\/pages\/629\/revisions"}],"wp:attachment":[{"href":"https:\/\/alexiniesta.com\/en\/wp-json\/wp\/v2\/media?parent=629"}],"curies":[{"name":"wp","href":"https:\/\/api.w.org\/{rel}","templated":true}]}}